{"id":29,"date":"2025-08-27T17:47:14","date_gmt":"2025-08-27T17:47:14","guid":{"rendered":"http:\/\/bezpiecznemaszyny.com\/?page_id=29"},"modified":"2025-09-16T08:12:48","modified_gmt":"2025-09-16T08:12:48","slug":"uslugi","status":"publish","type":"page","link":"https:\/\/bezpiecznemaszyny.com\/index.php\/uslugi\/","title":{"rendered":"US\u0141UGI"},"content":{"rendered":"\n<div class=\"wp-block-group has-global-padding is-layout-constrained wp-block-group-is-layout-constrained\" style=\"margin-top:0;margin-bottom:0;padding-top:0;padding-bottom:0\">\n<div class=\"wp-block-group has-global-padding is-layout-constrained wp-container-core-group-is-layout-92ef7b19 wp-block-group-is-layout-constrained\" data-aos=\"fade-left\">\n<h2 class=\"wp-block-heading has-text-align-center\" style=\"font-size:clamp(25.014px, 1.563rem + ((1vw - 3.2px) * 1.93), 42px);font-style:normal;font-weight:700\">Czym si\u0119 zajmujemy<\/h2>\n\n\n\n<p class=\"has-text-align-center has-dark-text-color-color has-text-color has-link-color wp-elements-2f2abb36313988fe3be7b1631ef0c9ff\" style=\"line-height:1.6\">Kompleksowo wspieramy w zakresie bezpiecze\u0144stwa maszyn \u2013 od certyfikacji i audyt\u00f3w, przez ocen\u0119 ryzyka i dokumentacj\u0119 techniczn\u0105, a\u017c po szkolenia i doradztwo. Naszym celem jest zapewnienie zgodno\u015bci z przepisami prawa oraz zwi\u0119kszenie bezpiecze\u0144stwa pracy w ka\u017cdym zak\u0142adzie.<\/p>\n<\/div>\n\n\n\n<div class=\"wp-block-columns is-layout-flex wp-container-core-columns-is-layout-328c6305 wp-block-columns-is-layout-flex\" style=\"padding-top:var(--wp--preset--spacing--30)\">\n<div class=\"wp-block-column is-layout-flow wp-block-column-is-layout-flow\">\n<div class=\"wp-block-group has-border-color has-global-padding is-layout-constrained wp-container-core-group-is-layout-867c3d7b wp-block-group-is-layout-constrained\" style=\"border-color:#d3d3d3;border-width:1px;border-radius:6px;margin-top:0;margin-bottom:0;padding-top:var(--wp--preset--spacing--30);padding-right:var(--wp--preset--spacing--30);padding-bottom:var(--wp--preset--spacing--30);padding-left:var(--wp--preset--spacing--30)\" data-aos=\"fade\">\n<figure class=\"wp-block-image size-full is-resized wp-duotone-979797-c2a990-1\"><img decoding=\"async\" src=\"https:\/\/bezpiecznemaszyny.com\/wp-content\/themes\/biz-agency\/assets\/images\/icon-1.png\" alt=\"\" class=\"wp-image-881\" style=\"width:40px\"\/><\/figure>\n\n\n\n<h2 class=\"wp-block-heading\" style=\"margin-top:var(--wp--preset--spacing--20);margin-bottom:0;font-size:clamp(14px, 0.875rem + ((1vw - 3.2px) * 0.455), 18px);font-style:normal;font-weight:700;line-height:1.6\">Certyfikacja maszyn \u2013 znak CE<\/h2>\n\n\n\n<p class=\"has-dark-text-color-color has-text-color has-link-color wp-elements-509cb94464764a30ac6ccddb1dd1a2f7\">Pomagamy producentom i importerom w przygotowaniu wymaganej dokumentacji technicznej do oceny zgodno\u015bci, wystawienia deklaracji i oznakowania maszyn znakiem CE.<\/p>\n<\/div>\n<\/div>\n\n\n\n<div class=\"wp-block-column is-layout-flow wp-block-column-is-layout-flow\">\n<div class=\"wp-block-group has-border-color has-button-hover-text-color-background-color has-background has-global-padding is-layout-constrained wp-container-core-group-is-layout-867c3d7b wp-block-group-is-layout-constrained\" style=\"border-color:#d3d3d3;border-width:1px;border-radius:6px;margin-top:0;margin-bottom:0;padding-top:var(--wp--preset--spacing--30);padding-right:var(--wp--preset--spacing--30);padding-bottom:var(--wp--preset--spacing--30);padding-left:var(--wp--preset--spacing--30)\" data-aos=\"fade\" data-aos-delay=\"100\">\n<figure class=\"wp-block-image size-full is-resized wp-duotone-979797-c2a990-2\"><img loading=\"lazy\" decoding=\"async\" width=\"800\" height=\"800\" src=\"https:\/\/bezpiecznemaszyny.com\/wp-content\/uploads\/2025\/08\/machine-learning.webp\" alt=\"\" class=\"wp-image-83\" style=\"width:40px\" srcset=\"https:\/\/bezpiecznemaszyny.com\/wp-content\/uploads\/2025\/08\/machine-learning.webp 800w, https:\/\/bezpiecznemaszyny.com\/wp-content\/uploads\/2025\/08\/machine-learning-300x300.webp 300w, https:\/\/bezpiecznemaszyny.com\/wp-content\/uploads\/2025\/08\/machine-learning-150x150.webp 150w, https:\/\/bezpiecznemaszyny.com\/wp-content\/uploads\/2025\/08\/machine-learning-768x768.webp 768w, https:\/\/bezpiecznemaszyny.com\/wp-content\/uploads\/2025\/08\/machine-learning-500x500.webp 500w\" sizes=\"auto, (max-width: 800px) 100vw, 800px\" \/><\/figure>\n\n\n\n<h2 class=\"wp-block-heading\" style=\"margin-top:var(--wp--preset--spacing--20);margin-bottom:0;font-size:clamp(14px, 0.875rem + ((1vw - 3.2px) * 0.455), 18px);font-style:normal;font-weight:700;line-height:1.6\">Ocena zgodno\u015bci  z Dyrektyw\u0105 Maszynow\u0105<\/h2>\n\n\n\n<p class=\"has-dark-text-color-color has-text-color has-link-color wp-elements-977d140cc93642f177c4d16be846baa9\">Weryfikujemy, czy nowe maszyny spe\u0142niaj\u0105 zasadnicze wymagania bezpiecze\u0144stwa okre\u015blone w Dyrektywie Maszynowej.<\/p>\n<\/div>\n<\/div>\n\n\n\n<div class=\"wp-block-column is-layout-flow wp-block-column-is-layout-flow\">\n<div class=\"wp-block-group has-border-color has-global-padding is-layout-constrained wp-container-core-group-is-layout-867c3d7b wp-block-group-is-layout-constrained\" style=\"border-color:#d3d3d3;border-width:1px;border-radius:6px;margin-top:0;margin-bottom:0;padding-top:var(--wp--preset--spacing--30);padding-right:var(--wp--preset--spacing--30);padding-bottom:var(--wp--preset--spacing--30);padding-left:var(--wp--preset--spacing--30)\" data-aos=\"fade\" data-aos-delay=\"200\">\n<figure class=\"wp-block-image size-full is-resized wp-duotone-979797-c2a990-3\"><img loading=\"lazy\" decoding=\"async\" width=\"800\" height=\"800\" src=\"https:\/\/bezpiecznemaszyny.com\/wp-content\/uploads\/2025\/08\/tool-02.webp\" alt=\"\" class=\"wp-image-82\" style=\"width:40px\" srcset=\"https:\/\/bezpiecznemaszyny.com\/wp-content\/uploads\/2025\/08\/tool-02.webp 800w, https:\/\/bezpiecznemaszyny.com\/wp-content\/uploads\/2025\/08\/tool-02-300x300.webp 300w, https:\/\/bezpiecznemaszyny.com\/wp-content\/uploads\/2025\/08\/tool-02-150x150.webp 150w, https:\/\/bezpiecznemaszyny.com\/wp-content\/uploads\/2025\/08\/tool-02-768x768.webp 768w, https:\/\/bezpiecznemaszyny.com\/wp-content\/uploads\/2025\/08\/tool-02-500x500.webp 500w\" sizes=\"auto, (max-width: 800px) 100vw, 800px\" \/><\/figure>\n\n\n\n<h2 class=\"wp-block-heading\" style=\"margin-top:var(--wp--preset--spacing--20);margin-bottom:0;font-size:clamp(14px, 0.875rem + ((1vw - 3.2px) * 0.455), 18px);font-style:normal;font-weight:700;line-height:1.6\">Ocena zgodno\u015bci z Dyrektywa Narz\u0119dziow\u0105<\/h2>\n\n\n\n<p class=\"has-dark-text-color-color has-text-color has-link-color wp-elements-5f580d0fe6e3b414879610d03909e306\">Sprawdzamy, czy eksploatowane maszyny spe\u0142niaj\u0105 minimalne wymagania bezpiecze\u0144stwa.<\/p>\n<\/div>\n<\/div>\n<\/div>\n\n\n\n<div class=\"wp-block-columns is-layout-flex wp-container-core-columns-is-layout-e79a657b wp-block-columns-is-layout-flex\" style=\"padding-top:0\">\n<div class=\"wp-block-column is-layout-flow wp-block-column-is-layout-flow\">\n<div class=\"wp-block-group has-border-color has-button-hover-text-color-background-color has-background has-global-padding is-layout-constrained wp-container-core-group-is-layout-867c3d7b wp-block-group-is-layout-constrained\" style=\"border-color:#d3d3d3;border-width:1px;border-radius:6px;margin-top:0;margin-bottom:0;padding-top:var(--wp--preset--spacing--30);padding-right:var(--wp--preset--spacing--30);padding-bottom:var(--wp--preset--spacing--30);padding-left:var(--wp--preset--spacing--30)\" data-aos=\"fade\">\n<figure class=\"wp-block-image size-full is-resized wp-duotone-979797-c2a990-4\"><img loading=\"lazy\" decoding=\"async\" width=\"800\" height=\"800\" src=\"https:\/\/bezpiecznemaszyny.com\/wp-content\/uploads\/2025\/08\/safety-glasses.webp\" alt=\"\" class=\"wp-image-78\" style=\"width:40px\" srcset=\"https:\/\/bezpiecznemaszyny.com\/wp-content\/uploads\/2025\/08\/safety-glasses.webp 800w, https:\/\/bezpiecznemaszyny.com\/wp-content\/uploads\/2025\/08\/safety-glasses-300x300.webp 300w, https:\/\/bezpiecznemaszyny.com\/wp-content\/uploads\/2025\/08\/safety-glasses-150x150.webp 150w, https:\/\/bezpiecznemaszyny.com\/wp-content\/uploads\/2025\/08\/safety-glasses-768x768.webp 768w, https:\/\/bezpiecznemaszyny.com\/wp-content\/uploads\/2025\/08\/safety-glasses-500x500.webp 500w\" sizes=\"auto, (max-width: 800px) 100vw, 800px\" \/><\/figure>\n\n\n\n<h2 class=\"wp-block-heading\" style=\"margin-top:var(--wp--preset--spacing--20);margin-bottom:0;font-size:clamp(14px, 0.875rem + ((1vw - 3.2px) * 0.455), 18px);font-style:normal;font-weight:700;line-height:1.6\">Audyty bezpiecze\u0144stwa<\/h2>\n\n\n\n<p class=\"has-dark-text-color-color has-text-color has-link-color wp-elements-a9a6209679f32fb9af5c9e57b61dd145\">Przeprowadzamy audyty maszyn i linii produkcyjnych. Opracowujemy raporty wskazuj\u0105ce dzia\u0142ania niezb\u0119dne do poprawy bezpiecze\u0144stwa pracy.<\/p>\n<\/div>\n<\/div>\n\n\n\n<div class=\"wp-block-column is-layout-flow wp-block-column-is-layout-flow\">\n<div class=\"wp-block-group has-border-color has-white-background-color has-background has-global-padding is-layout-constrained wp-container-core-group-is-layout-867c3d7b wp-block-group-is-layout-constrained\" style=\"border-color:#d3d3d3;border-width:1px;border-radius:6px;margin-top:0;margin-bottom:0;padding-top:var(--wp--preset--spacing--30);padding-right:var(--wp--preset--spacing--30);padding-bottom:var(--wp--preset--spacing--30);padding-left:var(--wp--preset--spacing--30)\" data-aos=\"fade\" data-aos-delay=\"100\">\n<figure class=\"wp-block-image size-full is-resized wp-duotone-979797-c2a990-5\"><img loading=\"lazy\" decoding=\"async\" width=\"800\" height=\"800\" src=\"https:\/\/bezpiecznemaszyny.com\/wp-content\/uploads\/2025\/08\/audit.webp\" alt=\"\" class=\"wp-image-74\" style=\"width:40px\" srcset=\"https:\/\/bezpiecznemaszyny.com\/wp-content\/uploads\/2025\/08\/audit.webp 800w, https:\/\/bezpiecznemaszyny.com\/wp-content\/uploads\/2025\/08\/audit-300x300.webp 300w, https:\/\/bezpiecznemaszyny.com\/wp-content\/uploads\/2025\/08\/audit-150x150.webp 150w, https:\/\/bezpiecznemaszyny.com\/wp-content\/uploads\/2025\/08\/audit-768x768.webp 768w, https:\/\/bezpiecznemaszyny.com\/wp-content\/uploads\/2025\/08\/audit-500x500.webp 500w\" sizes=\"auto, (max-width: 800px) 100vw, 800px\" \/><\/figure>\n\n\n\n<h2 class=\"wp-block-heading\" style=\"margin-top:var(--wp--preset--spacing--20);margin-bottom:0;font-size:clamp(14px, 0.875rem + ((1vw - 3.2px) * 0.455), 18px);font-style:normal;font-weight:700;line-height:1.6\">Audyty dokumentacji technicznej<\/h2>\n\n\n\n<p class=\"has-dark-text-color-color has-text-color has-link-color wp-elements-8e218ac660ac9f6302b3a8b3a0134bff\">Analizujemy dokumentacj\u0119 techniczn\u0105, wskazujemy obszary wymagaj\u0105ce poprawy lub uzupe\u0142nienia i \u2013 na \u017cyczenie klienta \u2013 przygotowujemy je kompleksowo od nowa.<\/p>\n<\/div>\n<\/div>\n\n\n\n<div class=\"wp-block-column is-layout-flow wp-block-column-is-layout-flow\">\n<div class=\"wp-block-group has-border-color has-button-hover-text-color-background-color has-background has-global-padding is-layout-constrained wp-container-core-group-is-layout-867c3d7b wp-block-group-is-layout-constrained\" style=\"border-color:#d3d3d3;border-width:1px;border-radius:6px;margin-top:0;margin-bottom:0;padding-top:var(--wp--preset--spacing--30);padding-right:var(--wp--preset--spacing--30);padding-bottom:var(--wp--preset--spacing--30);padding-left:var(--wp--preset--spacing--30)\" data-aos=\"fade\" data-aos-delay=\"200\">\n<figure class=\"wp-block-image size-full is-resized wp-duotone-979797-c2a990-6\"><img loading=\"lazy\" decoding=\"async\" width=\"800\" height=\"800\" src=\"https:\/\/bezpiecznemaszyny.com\/wp-content\/uploads\/2025\/08\/shield-warning.webp\" alt=\"\" class=\"wp-image-80\" style=\"width:40px\" srcset=\"https:\/\/bezpiecznemaszyny.com\/wp-content\/uploads\/2025\/08\/shield-warning.webp 800w, https:\/\/bezpiecznemaszyny.com\/wp-content\/uploads\/2025\/08\/shield-warning-300x300.webp 300w, https:\/\/bezpiecznemaszyny.com\/wp-content\/uploads\/2025\/08\/shield-warning-150x150.webp 150w, https:\/\/bezpiecznemaszyny.com\/wp-content\/uploads\/2025\/08\/shield-warning-768x768.webp 768w, https:\/\/bezpiecznemaszyny.com\/wp-content\/uploads\/2025\/08\/shield-warning-500x500.webp 500w\" sizes=\"auto, (max-width: 800px) 100vw, 800px\" \/><\/figure>\n\n\n\n<h2 class=\"wp-block-heading\" style=\"margin-top:var(--wp--preset--spacing--20);margin-bottom:0;font-size:clamp(14px, 0.875rem + ((1vw - 3.2px) * 0.455), 18px);font-style:normal;font-weight:700;line-height:1.6\">Ocena ryzyka<\/h2>\n\n\n\n<p class=\"has-dark-text-color-color has-text-color has-link-color wp-elements-ddbb6f1955d328c0d6f59a833cd7510c\">Opracowujemy oceny ryzyka dla nowych maszyn, zmodernizowanych urz\u0105dze\u0144 oraz maszyn, na kt\u00f3rych dosz\u0142o do wypadku.<\/p>\n<\/div>\n<\/div>\n<\/div>\n\n\n\n<div class=\"wp-block-columns is-layout-flex wp-container-core-columns-is-layout-e79a657b wp-block-columns-is-layout-flex\" style=\"padding-top:0\">\n<div class=\"wp-block-column is-layout-flow wp-block-column-is-layout-flow\">\n<div class=\"wp-block-group has-border-color has-white-background-color has-background has-global-padding is-layout-constrained wp-container-core-group-is-layout-867c3d7b wp-block-group-is-layout-constrained\" style=\"border-color:#d3d3d3;border-width:1px;border-radius:6px;margin-top:0;margin-bottom:0;padding-top:var(--wp--preset--spacing--30);padding-right:var(--wp--preset--spacing--30);padding-bottom:var(--wp--preset--spacing--30);padding-left:var(--wp--preset--spacing--30)\" data-aos=\"fade\">\n<figure class=\"wp-block-image size-full is-resized wp-duotone-979797-c2a990-7\"><img loading=\"lazy\" decoding=\"async\" width=\"800\" height=\"800\" src=\"https:\/\/bezpiecznemaszyny.com\/wp-content\/uploads\/2025\/08\/settings.webp\" alt=\"\" class=\"wp-image-79\" style=\"width:40px\" srcset=\"https:\/\/bezpiecznemaszyny.com\/wp-content\/uploads\/2025\/08\/settings.webp 800w, https:\/\/bezpiecznemaszyny.com\/wp-content\/uploads\/2025\/08\/settings-300x300.webp 300w, https:\/\/bezpiecznemaszyny.com\/wp-content\/uploads\/2025\/08\/settings-150x150.webp 150w, https:\/\/bezpiecznemaszyny.com\/wp-content\/uploads\/2025\/08\/settings-768x768.webp 768w, https:\/\/bezpiecznemaszyny.com\/wp-content\/uploads\/2025\/08\/settings-500x500.webp 500w\" sizes=\"auto, (max-width: 800px) 100vw, 800px\" \/><\/figure>\n\n\n\n<h2 class=\"wp-block-heading\" style=\"margin-top:var(--wp--preset--spacing--20);margin-bottom:0;font-size:clamp(14px, 0.875rem + ((1vw - 3.2px) * 0.455), 18px);font-style:normal;font-weight:700;line-height:1.6\">Modernizacje i modyfikacje maszyn<\/h2>\n\n\n\n<p class=\"has-dark-text-color-color has-text-color has-link-color wp-elements-91ae865f046733d88d5cdbd1960f51e4\">Projektujemy rozwi\u0105zania umo\u017cliwiaj\u0105ce dostosowanie maszyn do aktualnych wymaga\u0144 bezpiecze\u0144stwa i efektywno\u015bci pracy.<\/p>\n<\/div>\n<\/div>\n\n\n\n<div class=\"wp-block-column is-layout-flow wp-block-column-is-layout-flow\">\n<div class=\"wp-block-group has-border-color has-button-hover-text-color-background-color has-background has-global-padding is-layout-constrained wp-container-core-group-is-layout-867c3d7b wp-block-group-is-layout-constrained\" style=\"border-color:#d3d3d3;border-width:1px;border-radius:6px;margin-top:0;margin-bottom:0;padding-top:var(--wp--preset--spacing--30);padding-right:var(--wp--preset--spacing--30);padding-bottom:var(--wp--preset--spacing--30);padding-left:var(--wp--preset--spacing--30)\" data-aos=\"fade\" data-aos-delay=\"100\">\n<figure class=\"wp-block-image size-full is-resized wp-duotone-979797-c2a990-8\"><img loading=\"lazy\" decoding=\"async\" width=\"800\" height=\"800\" src=\"https:\/\/bezpiecznemaszyny.com\/wp-content\/uploads\/2025\/08\/book.webp\" alt=\"\" class=\"wp-image-75\" style=\"width:40px\" srcset=\"https:\/\/bezpiecznemaszyny.com\/wp-content\/uploads\/2025\/08\/book.webp 800w, https:\/\/bezpiecznemaszyny.com\/wp-content\/uploads\/2025\/08\/book-300x300.webp 300w, https:\/\/bezpiecznemaszyny.com\/wp-content\/uploads\/2025\/08\/book-150x150.webp 150w, https:\/\/bezpiecznemaszyny.com\/wp-content\/uploads\/2025\/08\/book-768x768.webp 768w, https:\/\/bezpiecznemaszyny.com\/wp-content\/uploads\/2025\/08\/book-500x500.webp 500w\" sizes=\"auto, (max-width: 800px) 100vw, 800px\" \/><\/figure>\n\n\n\n<h2 class=\"wp-block-heading\" style=\"margin-top:var(--wp--preset--spacing--20);margin-bottom:0;font-size:clamp(14px, 0.875rem + ((1vw - 3.2px) * 0.455), 18px);font-style:normal;font-weight:700;line-height:1.6\">Instrukcje obs\u0142ugi<\/h2>\n\n\n\n<p class=\"has-dark-text-color-color has-text-color has-link-color wp-elements-14051a461e4d2c217e117d6e1c2bbff8\">Tworzymy kompletne instrukcje obs\u0142ugi dla nowych maszyn zgodne z obowi\u0105zuj\u0105cymi przepisami.<\/p>\n<\/div>\n<\/div>\n\n\n\n<div class=\"wp-block-column is-layout-flow wp-block-column-is-layout-flow\">\n<div class=\"wp-block-group has-border-color has-white-background-color has-background has-global-padding is-layout-constrained wp-container-core-group-is-layout-867c3d7b wp-block-group-is-layout-constrained\" style=\"border-color:#d3d3d3;border-width:1px;border-radius:6px;margin-top:0;margin-bottom:0;padding-top:var(--wp--preset--spacing--30);padding-right:var(--wp--preset--spacing--30);padding-bottom:var(--wp--preset--spacing--30);padding-left:var(--wp--preset--spacing--30)\" data-aos=\"fade\" data-aos-delay=\"200\">\n<figure class=\"wp-block-image size-full is-resized wp-duotone-979797-c2a990-9\"><img loading=\"lazy\" decoding=\"async\" width=\"800\" height=\"800\" src=\"https:\/\/bezpiecznemaszyny.com\/wp-content\/uploads\/2025\/08\/paper-file-text.webp\" alt=\"\" class=\"wp-image-77\" style=\"width:40px\" srcset=\"https:\/\/bezpiecznemaszyny.com\/wp-content\/uploads\/2025\/08\/paper-file-text.webp 800w, https:\/\/bezpiecznemaszyny.com\/wp-content\/uploads\/2025\/08\/paper-file-text-300x300.webp 300w, https:\/\/bezpiecznemaszyny.com\/wp-content\/uploads\/2025\/08\/paper-file-text-150x150.webp 150w, https:\/\/bezpiecznemaszyny.com\/wp-content\/uploads\/2025\/08\/paper-file-text-768x768.webp 768w, https:\/\/bezpiecznemaszyny.com\/wp-content\/uploads\/2025\/08\/paper-file-text-500x500.webp 500w\" sizes=\"auto, (max-width: 800px) 100vw, 800px\" \/><\/figure>\n\n\n\n<h2 class=\"wp-block-heading\" style=\"margin-top:var(--wp--preset--spacing--20);margin-bottom:0;font-size:clamp(14px, 0.875rem + ((1vw - 3.2px) * 0.455), 18px);font-style:normal;font-weight:700;line-height:1.6\">Instrukcje u\u017cytkowania, bezpiecze\u0144stwa i stanowiskowe<\/h2>\n\n\n\n<p class=\"has-dark-text-color-color has-text-color has-link-color wp-elements-60b5050421da6ef9990ac82c173bd777\">Opracowujemy instrukcje dostosowane do konkretnych proces\u00f3w i stanowisk pracy.<\/p>\n<\/div>\n<\/div>\n<\/div>\n\n\n\n<div class=\"wp-block-columns is-layout-flex wp-container-core-columns-is-layout-e79a657b wp-block-columns-is-layout-flex\" style=\"padding-top:0\">\n<div class=\"wp-block-column is-layout-flow wp-block-column-is-layout-flow\">\n<div class=\"wp-block-group has-border-color has-button-hover-text-color-background-color has-background has-global-padding is-layout-constrained wp-container-core-group-is-layout-867c3d7b wp-block-group-is-layout-constrained\" style=\"border-color:#d3d3d3;border-width:1px;border-radius:6px;margin-top:0;margin-bottom:0;padding-top:var(--wp--preset--spacing--30);padding-right:var(--wp--preset--spacing--30);padding-bottom:var(--wp--preset--spacing--30);padding-left:var(--wp--preset--spacing--30)\" data-aos=\"fade\">\n<figure class=\"wp-block-image size-full is-resized wp-duotone-979797-c2a990-10\"><img loading=\"lazy\" decoding=\"async\" width=\"800\" height=\"800\" src=\"https:\/\/bezpiecznemaszyny.com\/wp-content\/uploads\/2025\/08\/delivery.webp\" alt=\"\" class=\"wp-image-76\" style=\"width:40px\" srcset=\"https:\/\/bezpiecznemaszyny.com\/wp-content\/uploads\/2025\/08\/delivery.webp 800w, https:\/\/bezpiecznemaszyny.com\/wp-content\/uploads\/2025\/08\/delivery-300x300.webp 300w, https:\/\/bezpiecznemaszyny.com\/wp-content\/uploads\/2025\/08\/delivery-150x150.webp 150w, https:\/\/bezpiecznemaszyny.com\/wp-content\/uploads\/2025\/08\/delivery-768x768.webp 768w, https:\/\/bezpiecznemaszyny.com\/wp-content\/uploads\/2025\/08\/delivery-500x500.webp 500w\" sizes=\"auto, (max-width: 800px) 100vw, 800px\" \/><\/figure>\n\n\n\n<h2 class=\"wp-block-heading\" style=\"margin-top:var(--wp--preset--spacing--20);margin-bottom:0;font-size:clamp(14px, 0.875rem + ((1vw - 3.2px) * 0.455), 18px);font-style:normal;font-weight:700;line-height:1.6\">Wsparcie przy imporcie maszyn spoza UE<\/h2>\n\n\n\n<p class=\"has-dark-text-color-color has-text-color has-link-color wp-elements-34f1d914fb3f368e38961ad5f293b193\">Pomagamy we wprowadzaniu maszyn spoza Unii Europejskiej na rynek UE, zapewniaj\u0105c zgodno\u015b\u0107 z wymaganiami prawnymi.<\/p>\n<\/div>\n<\/div>\n\n\n\n<div class=\"wp-block-column is-layout-flow wp-block-column-is-layout-flow\">\n<div class=\"wp-block-group has-border-color has-global-padding is-layout-constrained wp-container-core-group-is-layout-867c3d7b wp-block-group-is-layout-constrained\" style=\"border-color:#d3d3d3;border-width:1px;border-radius:6px;margin-top:0;margin-bottom:0;padding-top:var(--wp--preset--spacing--30);padding-right:var(--wp--preset--spacing--30);padding-bottom:var(--wp--preset--spacing--30);padding-left:var(--wp--preset--spacing--30)\" data-aos=\"fade\" data-aos-delay=\"100\">\n<figure class=\"wp-block-image size-full is-resized wp-duotone-979797-c2a990-11\"><img decoding=\"async\" src=\"https:\/\/bezpiecznemaszyny.com\/wp-content\/themes\/biz-agency\/assets\/images\/icon-5.png\" alt=\"\" class=\"wp-image-879\" style=\"width:40px\"\/><\/figure>\n\n\n\n<h2 class=\"wp-block-heading\" style=\"margin-top:var(--wp--preset--spacing--20);margin-bottom:0;font-size:clamp(14px, 0.875rem + ((1vw - 3.2px) * 0.455), 18px);font-style:normal;font-weight:700;line-height:1.6\">Karty TPM<\/h2>\n\n\n\n<p class=\"has-dark-text-color-color has-text-color has-link-color wp-elements-04dd009948bed4facba51f02f9017790\">Przygotowujemy karty podstawowych czynno\u015bci obs\u0142ugowych, kt\u00f3re wspieraj\u0105 utrzymanie maszyn w sta\u0142ej sprawno\u015bci i minimalizuj\u0105 przestoje.<\/p>\n<\/div>\n<\/div>\n\n\n\n<div class=\"wp-block-column is-layout-flow wp-block-column-is-layout-flow\">\n<div class=\"wp-block-group has-border-color has-button-hover-text-color-background-color has-background has-global-padding is-layout-constrained wp-container-core-group-is-layout-867c3d7b wp-block-group-is-layout-constrained\" style=\"border-color:#d3d3d3;border-width:1px;border-radius:6px;margin-top:0;margin-bottom:0;padding-top:var(--wp--preset--spacing--30);padding-right:var(--wp--preset--spacing--30);padding-bottom:var(--wp--preset--spacing--30);padding-left:var(--wp--preset--spacing--30)\" data-aos=\"fade\" data-aos-delay=\"200\">\n<figure class=\"wp-block-image size-full is-resized wp-duotone-979797-c2a990-12\"><img loading=\"lazy\" decoding=\"async\" width=\"800\" height=\"800\" src=\"https:\/\/bezpiecznemaszyny.com\/wp-content\/uploads\/2025\/08\/syllabus.webp\" alt=\"\" class=\"wp-image-81\" style=\"width:40px\" srcset=\"https:\/\/bezpiecznemaszyny.com\/wp-content\/uploads\/2025\/08\/syllabus.webp 800w, https:\/\/bezpiecznemaszyny.com\/wp-content\/uploads\/2025\/08\/syllabus-300x300.webp 300w, https:\/\/bezpiecznemaszyny.com\/wp-content\/uploads\/2025\/08\/syllabus-150x150.webp 150w, https:\/\/bezpiecznemaszyny.com\/wp-content\/uploads\/2025\/08\/syllabus-768x768.webp 768w, https:\/\/bezpiecznemaszyny.com\/wp-content\/uploads\/2025\/08\/syllabus-500x500.webp 500w\" sizes=\"auto, (max-width: 800px) 100vw, 800px\" \/><\/figure>\n\n\n\n<h2 class=\"wp-block-heading\" style=\"margin-top:var(--wp--preset--spacing--20);margin-bottom:0;font-size:clamp(14px, 0.875rem + ((1vw - 3.2px) * 0.455), 18px);font-style:normal;font-weight:700;line-height:1.6\">Szkolenia<\/h2>\n\n\n\n<p class=\"has-dark-text-color-color has-text-color has-link-color wp-elements-d80be375cd87b100f14c68c367e93d95\">Prowadzimy szkolenia z zakresu Dyrektywy Maszynowej, Narz\u0119dziowej oraz Rozporz\u0105dzenia Maszynowego, dostosowane do potrzeb pracownik\u00f3w i kadry zarz\u0105dzaj\u0105cej.<\/p>\n<\/div>\n<\/div>\n<\/div>\n<\/div>\n\n\n\n<p><\/p>\n","protected":false},"excerpt":{"rendered":"<p>Czym si\u0119 zajmujemy Kompleksowo wspieramy w zakresie bezpiecze\u0144stwa maszyn \u2013 od certyfikacji i audyt\u00f3w, przez ocen\u0119 ryzyka i dokumentacj\u0119 techniczn\u0105, a\u017c po szkolenia i doradztwo. Naszym celem jest zapewnienie zgodno\u015bci z przepisami prawa oraz zwi\u0119kszenie bezpiecze\u0144stwa pracy w ka\u017cdym zak\u0142adzie. Certyfikacja maszyn \u2013 znak CE Pomagamy producentom i importerom w przygotowaniu wymaganej dokumentacji technicznej do [&hellip;]<\/p>\n","protected":false},"author":1,"featured_media":0,"parent":0,"menu_order":0,"comment_status":"closed","ping_status":"closed","template":"","meta":{"ngg_post_thumbnail":0,"footnotes":""},"class_list":["post-29","page","type-page","status-publish","hentry"],"_links":{"self":[{"href":"https:\/\/bezpiecznemaszyny.com\/index.php\/wp-json\/wp\/v2\/pages\/29","targetHints":{"allow":["GET"]}}],"collection":[{"href":"https:\/\/bezpiecznemaszyny.com\/index.php\/wp-json\/wp\/v2\/pages"}],"about":[{"href":"https:\/\/bezpiecznemaszyny.com\/index.php\/wp-json\/wp\/v2\/types\/page"}],"author":[{"embeddable":true,"href":"https:\/\/bezpiecznemaszyny.com\/index.php\/wp-json\/wp\/v2\/users\/1"}],"replies":[{"embeddable":true,"href":"https:\/\/bezpiecznemaszyny.com\/index.php\/wp-json\/wp\/v2\/comments?post=29"}],"version-history":[{"count":11,"href":"https:\/\/bezpiecznemaszyny.com\/index.php\/wp-json\/wp\/v2\/pages\/29\/revisions"}],"predecessor-version":[{"id":182,"href":"https:\/\/bezpiecznemaszyny.com\/index.php\/wp-json\/wp\/v2\/pages\/29\/revisions\/182"}],"wp:attachment":[{"href":"https:\/\/bezpiecznemaszyny.com\/index.php\/wp-json\/wp\/v2\/media?parent=29"}],"curies":[{"name":"wp","href":"https:\/\/api.w.org\/{rel}","templated":true}]}}