{"id":13,"date":"2025-08-27T17:05:33","date_gmt":"2025-08-27T17:05:33","guid":{"rendered":"http:\/\/bezpiecznemaszyny.com\/?page_id=13"},"modified":"2025-09-16T19:22:45","modified_gmt":"2025-09-16T17:22:45","slug":"o-nas","status":"publish","type":"page","link":"https:\/\/bezpiecznemaszyny.com\/index.php\/o-nas\/","title":{"rendered":"O NAS"},"content":{"rendered":"\n<div class=\"wp-block-columns is-layout-flex wp-container-core-columns-is-layout-658170e2 wp-block-columns-is-layout-flex\">\n<div class=\"wp-block-column is-layout-flow wp-block-column-is-layout-flow\">\n<div class=\"wp-block-columns is-layout-flex wp-container-core-columns-is-layout-28f84493 wp-block-columns-is-layout-flex\">\n<div class=\"wp-block-column is-layout-flow wp-block-column-is-layout-flow\" style=\"flex-basis:100%\">\n<figure class=\"wp-block-gallery has-nested-images columns-default is-cropped wp-block-gallery-1 is-layout-flex wp-block-gallery-is-layout-flex\" data-aos=\"fade\">\n<figure class=\"wp-block-image size-large\"><img loading=\"lazy\" decoding=\"async\" width=\"649\" height=\"1024\" data-id=\"228\" src=\"https:\/\/bezpiecznemaszyny.com\/wp-content\/uploads\/2025\/09\/Rafal-Polgrabia-649x1024.webp\" alt=\"\" class=\"wp-image-228\" srcset=\"https:\/\/bezpiecznemaszyny.com\/wp-content\/uploads\/2025\/09\/Rafal-Polgrabia-649x1024.webp 649w, https:\/\/bezpiecznemaszyny.com\/wp-content\/uploads\/2025\/09\/Rafal-Polgrabia-190x300.webp 190w, https:\/\/bezpiecznemaszyny.com\/wp-content\/uploads\/2025\/09\/Rafal-Polgrabia-768x1212.webp 768w, https:\/\/bezpiecznemaszyny.com\/wp-content\/uploads\/2025\/09\/Rafal-Polgrabia-974x1536.webp 974w, https:\/\/bezpiecznemaszyny.com\/wp-content\/uploads\/2025\/09\/Rafal-Polgrabia-1298x2048.webp 1298w, https:\/\/bezpiecznemaszyny.com\/wp-content\/uploads\/2025\/09\/Rafal-Polgrabia-500x789.webp 500w, https:\/\/bezpiecznemaszyny.com\/wp-content\/uploads\/2025\/09\/Rafal-Polgrabia-800x1262.webp 800w, https:\/\/bezpiecznemaszyny.com\/wp-content\/uploads\/2025\/09\/Rafal-Polgrabia-1280x2019.webp 1280w, https:\/\/bezpiecznemaszyny.com\/wp-content\/uploads\/2025\/09\/Rafal-Polgrabia-scaled.webp 1623w\" sizes=\"auto, (max-width: 649px) 100vw, 649px\" \/><\/figure>\n\n\n\n<figure class=\"wp-block-image size-large\"><img loading=\"lazy\" decoding=\"async\" width=\"647\" height=\"1024\" data-id=\"229\" src=\"https:\/\/bezpiecznemaszyny.com\/wp-content\/uploads\/2025\/09\/Maciej-Pelka-647x1024.webp\" alt=\"\" class=\"wp-image-229\" srcset=\"https:\/\/bezpiecznemaszyny.com\/wp-content\/uploads\/2025\/09\/Maciej-Pelka-647x1024.webp 647w, https:\/\/bezpiecznemaszyny.com\/wp-content\/uploads\/2025\/09\/Maciej-Pelka-190x300.webp 190w, https:\/\/bezpiecznemaszyny.com\/wp-content\/uploads\/2025\/09\/Maciej-Pelka-768x1215.webp 768w, https:\/\/bezpiecznemaszyny.com\/wp-content\/uploads\/2025\/09\/Maciej-Pelka-500x791.webp 500w, https:\/\/bezpiecznemaszyny.com\/wp-content\/uploads\/2025\/09\/Maciej-Pelka-800x1266.webp 800w, https:\/\/bezpiecznemaszyny.com\/wp-content\/uploads\/2025\/09\/Maciej-Pelka.webp 821w\" sizes=\"auto, (max-width: 647px) 100vw, 647px\" \/><\/figure>\n<\/figure>\n<\/div>\n<\/div>\n<\/div>\n\n\n\n<div class=\"wp-block-column is-layout-flow wp-block-column-is-layout-flow\">\n<h2 class=\"wp-block-heading has-text-align-left\" style=\"font-size:clamp(25.014px, 1.563rem + ((1vw - 3.2px) * 1.93), 42px);font-style:normal;font-weight:700\" data-aos=\"fade\">Dowiedz si\u0119 wi\u0119cej o tym, kim jeste\u015bmy i co robimy<\/h2>\n\n\n\n<div class=\"wp-block-group has-white-background-color has-background is-nowrap is-layout-flex wp-container-core-group-is-layout-2f32c6b2 wp-block-group-is-layout-flex\" style=\"border-radius:6px;padding-top:var(--wp--preset--spacing--20);padding-right:var(--wp--preset--spacing--20);padding-bottom:var(--wp--preset--spacing--20);padding-left:var(--wp--preset--spacing--20)\" data-aos=\"fade-left\">\n<figure class=\"wp-block-image size-full is-resized\"><img decoding=\"async\" src=\"https:\/\/bezpiecznemaszyny.com\/wp-content\/themes\/biz-agency\/assets\/images\/icon-1.png\" alt=\"\" class=\"wp-image-878\" style=\"width:40px\"\/><\/figure>\n\n\n\n<div class=\"wp-block-group has-global-padding is-layout-constrained wp-block-group-is-layout-constrained\">\n<h2 class=\"wp-block-heading has-black-color has-text-color has-link-color wp-elements-ed612dc2d248d0e5ae4ba00c485f7c4a\" style=\"font-size:clamp(14px, 0.875rem + ((1vw - 3.2px) * 0.455), 18px);\"><strong>20+ lat do\u015bwiadczenia<\/strong> w przemy\u015ble i bezpiecze\u0144stwie maszyn.<\/h2>\n<\/div>\n<\/div>\n\n\n\n<div class=\"wp-block-group has-white-background-color has-background is-nowrap is-layout-flex wp-container-core-group-is-layout-2f32c6b2 wp-block-group-is-layout-flex\" style=\"border-radius:6px;padding-top:var(--wp--preset--spacing--20);padding-right:var(--wp--preset--spacing--20);padding-bottom:var(--wp--preset--spacing--20);padding-left:var(--wp--preset--spacing--20)\" data-aos=\"fade-left\" data-aos-delay=\"200\">\n<figure class=\"wp-block-image size-full is-resized\"><img decoding=\"async\" src=\"https:\/\/bezpiecznemaszyny.com\/wp-content\/themes\/biz-agency\/assets\/images\/icon-2.png\" alt=\"\" class=\"wp-image-880\" style=\"width:40px\"\/><\/figure>\n\n\n\n<div class=\"wp-block-group has-global-padding is-layout-constrained wp-block-group-is-layout-constrained\">\n<h2 class=\"wp-block-heading has-black-color has-text-color has-link-color wp-elements-aed8aa380124e1079508546ac4b7785f\" style=\"font-size:clamp(14px, 0.875rem + ((1vw - 3.2px) * 0.455), 18px);\"><strong>Certyfikacja, audyty i ocena ryzyka<\/strong> zgodnie z wymaganiami UE.<\/h2>\n<\/div>\n<\/div>\n\n\n\n<div class=\"wp-block-group has-white-background-color has-background is-nowrap is-layout-flex wp-container-core-group-is-layout-2f32c6b2 wp-block-group-is-layout-flex\" style=\"border-radius:6px;padding-top:var(--wp--preset--spacing--20);padding-right:var(--wp--preset--spacing--20);padding-bottom:var(--wp--preset--spacing--20);padding-left:var(--wp--preset--spacing--20)\" data-aos=\"fade-left\" data-aos-delay=\"400\">\n<figure class=\"wp-block-image size-full is-resized\"><img decoding=\"async\" src=\"https:\/\/bezpiecznemaszyny.com\/wp-content\/themes\/biz-agency\/assets\/images\/icon-3.png\" alt=\"\" class=\"wp-image-881\" style=\"width:40px\"\/><\/figure>\n\n\n\n<div class=\"wp-block-group has-global-padding is-layout-constrained wp-block-group-is-layout-constrained\">\n<h2 class=\"wp-block-heading has-black-color has-text-color has-link-color wp-elements-707baf6c6cf9226da8917df0836f1678\" style=\"font-size:clamp(14px, 0.875rem + ((1vw - 3.2px) * 0.455), 18px);\"><strong>Indywidualne podej\u015bcie<\/strong> i praktyczne rozwi\u0105zania dla ka\u017cdej firmy.<\/h2>\n<\/div>\n<\/div>\n\n\n\n<div class=\"wp-block-group has-white-background-color has-background is-nowrap is-layout-flex wp-container-core-group-is-layout-2f32c6b2 wp-block-group-is-layout-flex\" style=\"border-radius:6px;padding-top:var(--wp--preset--spacing--20);padding-right:var(--wp--preset--spacing--20);padding-bottom:var(--wp--preset--spacing--20);padding-left:var(--wp--preset--spacing--20)\" data-aos=\"fade-left\" data-aos-delay=\"600\">\n<figure class=\"wp-block-image size-full is-resized\"><img loading=\"lazy\" decoding=\"async\" width=\"2500\" height=\"2500\" src=\"https:\/\/bezpiecznemaszyny.com\/wp-content\/uploads\/2025\/08\/training-achievement-medal-svgrepo-com.webp\" alt=\"\" class=\"wp-image-14\" style=\"width:40px\" srcset=\"https:\/\/bezpiecznemaszyny.com\/wp-content\/uploads\/2025\/08\/training-achievement-medal-svgrepo-com.webp 2500w, https:\/\/bezpiecznemaszyny.com\/wp-content\/uploads\/2025\/08\/training-achievement-medal-svgrepo-com-300x300.webp 300w, https:\/\/bezpiecznemaszyny.com\/wp-content\/uploads\/2025\/08\/training-achievement-medal-svgrepo-com-1024x1024.webp 1024w, https:\/\/bezpiecznemaszyny.com\/wp-content\/uploads\/2025\/08\/training-achievement-medal-svgrepo-com-150x150.webp 150w, https:\/\/bezpiecznemaszyny.com\/wp-content\/uploads\/2025\/08\/training-achievement-medal-svgrepo-com-768x768.webp 768w, https:\/\/bezpiecznemaszyny.com\/wp-content\/uploads\/2025\/08\/training-achievement-medal-svgrepo-com-1536x1536.webp 1536w, https:\/\/bezpiecznemaszyny.com\/wp-content\/uploads\/2025\/08\/training-achievement-medal-svgrepo-com-2048x2048.webp 2048w\" sizes=\"auto, (max-width: 2500px) 100vw, 2500px\" \/><\/figure>\n\n\n\n<div class=\"wp-block-group has-global-padding is-layout-constrained wp-block-group-is-layout-constrained\">\n<h2 class=\"wp-block-heading has-black-color has-text-color has-link-color wp-elements-f2961e32e6121e986656c2d00329be37\" style=\"font-size:clamp(14px, 0.875rem + ((1vw - 3.2px) * 0.455), 18px);\"><strong>Szkolenia i doradztwo<\/strong>, kt\u00f3re realnie zwi\u0119kszaj\u0105 bezpiecze\u0144stwo pracy.<\/h2>\n<\/div>\n<\/div>\n<\/div>\n<\/div>\n\n\n\n<div class=\"wp-block-group has-global-padding is-layout-constrained wp-container-core-group-is-layout-80fb368b wp-block-group-is-layout-constrained\" style=\"padding-top:var(--wp--preset--spacing--30);padding-right:var(--wp--preset--spacing--30);padding-bottom:var(--wp--preset--spacing--30);padding-left:var(--wp--preset--spacing--30)\" data-aos=\"fade\">\n<p>Jeste\u015bmy absolwentami P\u00f3\u0142techniki \u0141\u00f3dzkiej na kierunku mechanika i budowa maszyn.<\/p>\n\n\n\n<p>Przez ponad 20 lat pracowali\u015bmy w przemy\u015ble na stanowiskach konstruktor\u00f3w i technolog\u00f3w. Od blisko dekady zajmujemy si\u0119 szeroko poj\u0119tym bezpiecze\u0144stwem maszyn. Nasze motto to \u201eBezpieczne maszyny = Bezpieczni ludzie\u201d.&nbsp; W ramach naszej dzia\u0142alno\u015bci wykonali\u015bmy dziesi\u0105tki projekt\u00f3w technicznych, instrukcji. Dokonali\u015bmy wielu ocen zgodno\u015bci maszyn. Do ka\u017cdego zlecenia podchodzimy indywidualnie i z nale\u017cyt\u0105 pieczo\u0142owito\u015bci\u0105.<\/p>\n\n\n\n<p>Mimo posiadanej wiedzy i do\u015bwiadczenia przez czas podnosimy nasze kwalifikacje uczestnicz\u0105c w szkoleniach i kursach gdzie uczymy si\u0119 od najlepszych w bran\u017cy. Sami r\u00f3wnie\u017c prowadzimy szkolenia, opiniujemy dla s\u0105d\u00f3w i prokuratury<\/p>\n<\/div>\n\n\n\n<div class=\"wp-block-group has-background has-global-padding is-layout-constrained wp-block-group-is-layout-constrained\" style=\"background-color:#f7f7f7;padding-top:0;padding-bottom:0\"><\/div>\n","protected":false},"excerpt":{"rendered":"<p>Dowiedz si\u0119 wi\u0119cej o tym, kim jeste\u015bmy i co robimy 20+ lat do\u015bwiadczenia w przemy\u015ble i bezpiecze\u0144stwie maszyn. Certyfikacja, audyty i ocena ryzyka zgodnie z wymaganiami UE. Indywidualne podej\u015bcie i praktyczne rozwi\u0105zania dla ka\u017cdej firmy. Szkolenia i doradztwo, kt\u00f3re realnie zwi\u0119kszaj\u0105 bezpiecze\u0144stwo pracy. Jeste\u015bmy absolwentami P\u00f3\u0142techniki \u0141\u00f3dzkiej na kierunku mechanika i budowa maszyn. Przez ponad [&hellip;]<\/p>\n","protected":false},"author":1,"featured_media":0,"parent":0,"menu_order":0,"comment_status":"closed","ping_status":"closed","template":"","meta":{"ngg_post_thumbnail":0,"footnotes":""},"class_list":["post-13","page","type-page","status-publish","hentry"],"_links":{"self":[{"href":"https:\/\/bezpiecznemaszyny.com\/index.php\/wp-json\/wp\/v2\/pages\/13","targetHints":{"allow":["GET"]}}],"collection":[{"href":"https:\/\/bezpiecznemaszyny.com\/index.php\/wp-json\/wp\/v2\/pages"}],"about":[{"href":"https:\/\/bezpiecznemaszyny.com\/index.php\/wp-json\/wp\/v2\/types\/page"}],"author":[{"embeddable":true,"href":"https:\/\/bezpiecznemaszyny.com\/index.php\/wp-json\/wp\/v2\/users\/1"}],"replies":[{"embeddable":true,"href":"https:\/\/bezpiecznemaszyny.com\/index.php\/wp-json\/wp\/v2\/comments?post=13"}],"version-history":[{"count":19,"href":"https:\/\/bezpiecznemaszyny.com\/index.php\/wp-json\/wp\/v2\/pages\/13\/revisions"}],"predecessor-version":[{"id":235,"href":"https:\/\/bezpiecznemaszyny.com\/index.php\/wp-json\/wp\/v2\/pages\/13\/revisions\/235"}],"wp:attachment":[{"href":"https:\/\/bezpiecznemaszyny.com\/index.php\/wp-json\/wp\/v2\/media?parent=13"}],"curies":[{"name":"wp","href":"https:\/\/api.w.org\/{rel}","templated":true}]}}